{"id":474,"date":"2025-11-15T00:04:04","date_gmt":"2025-11-14T23:04:04","guid":{"rendered":"https:\/\/cabinet-sign.com\/?page_id=474"},"modified":"2025-11-15T00:04:04","modified_gmt":"2025-11-14T23:04:04","slug":"service-de-recrutement-au-succes","status":"publish","type":"page","link":"https:\/\/cabinet-sign.com\/index.php\/service-de-recrutement-au-succes\/","title":{"rendered":"Service de recrutement au succ\u00e8s."},"content":{"rendered":"\n<p class=\"has-small-font-size\">Ce service s&#8217;adresse aux clients ayant une probl\u00e9matique sur un recrutement bien pr\u00e9cis : difficult\u00e9s \u00e0 attirer suffisamment de candidats pour un poste cl\u00e9, qualit\u00e9 des candidatures insatisfaisante, urgence de recrutement&#8230;<\/p>\n\n\n\n<p class=\"has-small-font-size\">Ce format a pour avantage de ne pr\u00e9senter aucune prise de risque pour le client :<\/p>\n\n\n\n<ul class=\"wp-block-list\">\n<li class=\"has-small-font-size\">Aucun paiement requis au d\u00e9marrage de la recherche,<\/li>\n<\/ul>\n\n\n\n<ul class=\"wp-block-list\">\n<li class=\"has-small-font-size\">Facturation due au moment de la prise de poste par le candidat,<\/li>\n<\/ul>\n\n\n\n<ul class=\"wp-block-list\">\n<li class=\"has-small-font-size\">Garantie en cas de rupture pr\u00e9coce du contrat avec le candidat.<\/li>\n<\/ul>\n\n\n\n<p class=\"has-small-font-size\">Pour en savoir plus sur notre fa\u00e7on de faire, consultez la page <a href=\"https:\/\/cabinet-sign.com\/index.php\/notre-methodologie\/\" data-type=\"page\" data-id=\"342\">notre m\u00e9thodologie<\/a>.<\/p>\n\n\n\n<p class=\"has-small-font-size\">Confiez-nous votre recherche : contact@cabinet-sign.com<\/p>\n","protected":false},"excerpt":{"rendered":"<p>Ce service s&#8217;adresse aux clients ayant une probl\u00e9matique sur un recrutement bien pr\u00e9cis : difficult\u00e9s \u00e0 attirer suffisamment de candidats pour un poste cl\u00e9, qualit\u00e9 des candidatures insatisfaisante, urgence de recrutement&#8230; Ce format a pour avantage de ne pr\u00e9senter aucune prise de risque pour le client : Pour en savoir plus sur notre fa\u00e7on de [&hellip;]<\/p>\n","protected":false},"author":1,"featured_media":0,"parent":0,"menu_order":0,"comment_status":"closed","ping_status":"closed","template":"","meta":{"footnotes":""},"class_list":["post-474","page","type-page","status-publish","hentry"],"_links":{"self":[{"href":"https:\/\/cabinet-sign.com\/index.php\/wp-json\/wp\/v2\/pages\/474","targetHints":{"allow":["GET"]}}],"collection":[{"href":"https:\/\/cabinet-sign.com\/index.php\/wp-json\/wp\/v2\/pages"}],"about":[{"href":"https:\/\/cabinet-sign.com\/index.php\/wp-json\/wp\/v2\/types\/page"}],"author":[{"embeddable":true,"href":"https:\/\/cabinet-sign.com\/index.php\/wp-json\/wp\/v2\/users\/1"}],"replies":[{"embeddable":true,"href":"https:\/\/cabinet-sign.com\/index.php\/wp-json\/wp\/v2\/comments?post=474"}],"version-history":[{"count":4,"href":"https:\/\/cabinet-sign.com\/index.php\/wp-json\/wp\/v2\/pages\/474\/revisions"}],"predecessor-version":[{"id":478,"href":"https:\/\/cabinet-sign.com\/index.php\/wp-json\/wp\/v2\/pages\/474\/revisions\/478"}],"wp:attachment":[{"href":"https:\/\/cabinet-sign.com\/index.php\/wp-json\/wp\/v2\/media?parent=474"}],"curies":[{"name":"wp","href":"https:\/\/api.w.org\/{rel}","templated":true}]}}