{"id":342,"date":"2025-05-22T16:52:51","date_gmt":"2025-05-22T14:52:51","guid":{"rendered":"https:\/\/cabinet-sign.com\/?page_id=342"},"modified":"2025-11-14T23:51:54","modified_gmt":"2025-11-14T22:51:54","slug":"notre-methodologie","status":"publish","type":"page","link":"https:\/\/cabinet-sign.com\/index.php\/notre-methodologie\/","title":{"rendered":"Notre m\u00e9thodologie."},"content":{"rendered":"\n<p class=\"has-text-color has-link-color has-small-font-size wp-elements-542ae4f1a006c3a9ba4d21fee0b364ca\" style=\"color:#636363\">Chez Cabinet Sign, nous pensons que l&#8217;exigence commence par celle que l&#8217;on s&#8217;applique \u00e0 soi-m\u00eame.<\/p>\n\n\n\n<p class=\"has-small-font-size\">Nous vous pr\u00e9sentons \u00e9tape par \u00e9tape la m\u00e9thodologie que nous appliquons aux recrutements que vous nous confiez sous la formule &#8220;au succ\u00e8s&#8221;.<\/p>\n\n\n\n<p class=\"has-text-align-center\">_____<\/p>\n\n\n\n<div class=\"wp-block-columns is-layout-flex wp-container-core-columns-is-layout-28f84493 wp-block-columns-is-layout-flex\">\n<div class=\"wp-block-column is-layout-flow wp-block-column-is-layout-flow\">\n<figure class=\"wp-block-image size-large\"><img loading=\"lazy\" decoding=\"async\" width=\"726\" height=\"1024\" src=\"https:\/\/cabinet-sign.com\/wp-content\/uploads\/2025\/05\/IMG_9598-3-726x1024.jpg\" alt=\"\" class=\"wp-image-362\" srcset=\"https:\/\/cabinet-sign.com\/wp-content\/uploads\/2025\/05\/IMG_9598-3-726x1024.jpg 726w, https:\/\/cabinet-sign.com\/wp-content\/uploads\/2025\/05\/IMG_9598-3-213x300.jpg 213w, https:\/\/cabinet-sign.com\/wp-content\/uploads\/2025\/05\/IMG_9598-3-768x1083.jpg 768w, https:\/\/cabinet-sign.com\/wp-content\/uploads\/2025\/05\/IMG_9598-3.jpg 908w\" sizes=\"auto, (max-width: 726px) 100vw, 726px\" \/><\/figure>\n<\/div>\n\n\n\n<div class=\"wp-block-column is-layout-flow wp-block-column-is-layout-flow\">\n<p class=\"has-text-color has-link-color has-source-serif-pro-font-family has-large-font-size wp-elements-a4d0c4de30ee24a931b73c0a47894afe\" style=\"color:#7d5b4a;font-style:normal;font-weight:300\">I &#8211; Recherche cibl\u00e9e, active et souterraine.<\/p>\n\n\n\n<p class=\"has-text-align-left has-small-font-size\">La qualit\u00e9 du recrutement repose d&#8217;abord sur la pertinence des canaux activ\u00e9s : nous privil\u00e9gions des approches permettant d&#8217;atteindre des profils auxquels nos clients n&#8217;ont pas eu acc\u00e8s spontan\u00e9ment. Nous combinons pour cela :<\/p>\n\n\n\n<p class=\"has-small-font-size\">L&#8217;approche directe,<\/p>\n\n\n\n<p class=\"has-small-font-size\">La diffusion d&#8217;une offre anonymis\u00e9e,<\/p>\n\n\n\n<p class=\"has-small-font-size\">L&#8217;appui sur des recommandations de la part de personnes du m\u00e9tier, localement.<\/p>\n<\/div>\n<\/div>\n\n\n\n<p class=\"has-text-color has-link-color has-source-serif-pro-font-family has-medium-font-size wp-elements-ce55ef2e4d232e0ec49addab8bb62c83\" style=\"color:#7d5b4a;font-style:normal;font-weight:300\"><\/p>\n\n\n\n<p class=\"has-background-color has-text-color has-link-color wp-elements-5af3122953cba2f8e080ee27a6e34e0d\">&#8212;<\/p>\n\n\n\n<p class=\"has-small-font-size\"><\/p>\n\n\n\n<div class=\"wp-block-columns is-layout-flex wp-container-core-columns-is-layout-28f84493 wp-block-columns-is-layout-flex\">\n<div class=\"wp-block-column is-layout-flow wp-block-column-is-layout-flow\">\n<div class=\"wp-block-columns is-layout-flex wp-container-core-columns-is-layout-28f84493 wp-block-columns-is-layout-flex\">\n<div class=\"wp-block-column is-layout-flow wp-block-column-is-layout-flow\" style=\"flex-basis:66.66%\">\n<p class=\"has-text-color has-link-color has-source-serif-pro-font-family has-large-font-size wp-elements-b9bc6acfc5488a2728a61d77091b380e\" style=\"color:#7d5b4a;font-style:normal;font-weight:300\">II &#8211; Une qualification pr\u00e9cise et sur-mesure.<\/p>\n\n\n\n<p class=\"has-small-font-size\">Chaque entretien est men\u00e9 dans une optique personnalis\u00e9e, pour un poste bien pr\u00e9cis chez un client donn\u00e9. M\u00eame lorsque le candidat provient du vivier, l&#8217;\u00e9valuation est r\u00e9ajust\u00e9e au contexte et aux attentes sp\u00e9cifiques du poste.<\/p>\n\n\n\n<p class=\"has-background-color has-text-color has-link-color wp-elements-c5472281b60186d01404c335a88dcf11\">&#8212;-<\/p>\n<\/div>\n\n\n\n<div class=\"wp-block-column is-layout-flow wp-block-column-is-layout-flow\" style=\"flex-basis:33.33%\">\n<figure class=\"wp-block-image size-large\"><img loading=\"lazy\" decoding=\"async\" width=\"899\" height=\"1024\" src=\"https:\/\/cabinet-sign.com\/wp-content\/uploads\/2025\/05\/IMG_5116-899x1024.jpg\" alt=\"\" class=\"wp-image-385\" srcset=\"https:\/\/cabinet-sign.com\/wp-content\/uploads\/2025\/05\/IMG_5116-899x1024.jpg 899w, https:\/\/cabinet-sign.com\/wp-content\/uploads\/2025\/05\/IMG_5116-263x300.jpg 263w, https:\/\/cabinet-sign.com\/wp-content\/uploads\/2025\/05\/IMG_5116-768x875.jpg 768w, https:\/\/cabinet-sign.com\/wp-content\/uploads\/2025\/05\/IMG_5116.jpg 1124w\" sizes=\"auto, (max-width: 899px) 100vw, 899px\" \/><\/figure>\n<\/div>\n<\/div>\n<\/div>\n<\/div>\n\n\n\n<p class=\"has-text-color has-link-color has-source-serif-pro-font-family has-large-font-size wp-elements-eea326baf41b8fba18a11b034b351c7f\" style=\"color:#7d5b4a;font-style:normal;font-weight:300\">III &#8211; Une grille de lecture haut-de-gamme.<\/p>\n\n\n\n<p class=\"has-small-font-size\">Un recrutement exigeant ne consiste pas \u00e0 pi\u00e9ger un candidat, \u00e0 le mettre en difficult\u00e9 ou \u00e0 creuser agressivement les trous d&#8217;un CV. Il s&#8217;agit d&#8217;ajuster sa grille de lecture. Chez Cabinet Sign, notre qualit\u00e9 d&#8217;\u00e9valuation repose sur une lecture fine, qui interroge entre-autre, et selon la pertinence :<\/p>\n\n\n\n<p class=\"has-small-font-size\">La posture et le savoir-\u00eatre professionnel,<\/p>\n\n\n\n<p class=\"has-small-font-size\">La qualit\u00e9 de la relation, aussi bien dans les formats brefs (client\u00e8le de passage) que prolong\u00e9s (travail d&#8217;\u00e9quipe, client\u00e8le fid\u00e9lis\u00e9e),<\/p>\n\n\n\n<p class=\"has-small-font-size\">Le style de leadership,<\/p>\n\n\n\n<p class=\"has-small-font-size\">La capacit\u00e9 de compr\u00e9hension, d&#8217;apprentissage, d&#8217;impr\u00e9gnation de l&#8217;univers du client,<\/p>\n\n\n\n<p class=\"has-small-font-size\">La sensibilit\u00e9 aux d\u00e9tails : dans l&#8217;environnement comme dans la relation \u00e0 l&#8217;autre,<\/p>\n\n\n\n<p class=\"has-small-font-size\">Les attentes et les non-n\u00e9gociables du candidat, car le choix est bi-lat\u00e9ral,<\/p>\n\n\n\n<p class=\"has-small-font-size\">Et bien s\u00fbr : les sp\u00e9cificit\u00e9s m\u00e9tiers et la culture du client.<\/p>\n\n\n\n<p class=\"has-small-font-size\">Chaque contexte appelle une lecture sur-mesure.<\/p>\n\n\n\n<p class=\"has-background-color has-text-color has-link-color wp-elements-5af3122953cba2f8e080ee27a6e34e0d\">&#8212;<\/p>\n\n\n\n<div class=\"wp-block-columns is-layout-flex wp-container-core-columns-is-layout-28f84493 wp-block-columns-is-layout-flex\">\n<div class=\"wp-block-column is-layout-flow wp-block-column-is-layout-flow\">\n<figure class=\"wp-block-image size-large is-resized\"><img loading=\"lazy\" decoding=\"async\" width=\"626\" height=\"1024\" src=\"https:\/\/cabinet-sign.com\/wp-content\/uploads\/2025\/05\/IMG_5616-626x1024.jpg\" alt=\"\" class=\"wp-image-416\" style=\"width:301px;height:auto\" srcset=\"https:\/\/cabinet-sign.com\/wp-content\/uploads\/2025\/05\/IMG_5616-626x1024.jpg 626w, https:\/\/cabinet-sign.com\/wp-content\/uploads\/2025\/05\/IMG_5616-183x300.jpg 183w, https:\/\/cabinet-sign.com\/wp-content\/uploads\/2025\/05\/IMG_5616-768x1257.jpg 768w, https:\/\/cabinet-sign.com\/wp-content\/uploads\/2025\/05\/IMG_5616-938x1536.jpg 938w, https:\/\/cabinet-sign.com\/wp-content\/uploads\/2025\/05\/IMG_5616.jpg 1212w\" sizes=\"auto, (max-width: 626px) 100vw, 626px\" \/><\/figure>\n<\/div>\n\n\n\n<div class=\"wp-block-column is-layout-flow wp-block-column-is-layout-flow\">\n<p class=\"has-text-color has-link-color has-source-serif-pro-font-family has-large-font-size wp-elements-cde4aaff40962f4417bacd59dfd90765\" style=\"color:#7d5b4a;font-style:normal;font-weight:300\">IV &#8211; La prise de r\u00e9f\u00e9rence.<\/p>\n\n\n\n<p class=\"has-small-font-size\">La demande des r\u00e9f\u00e9rences est formul\u00e9e syst\u00e9matiquement en fin d&#8217;entretien, et elle se fait uniquement avec l&#8217;accord du candidat. Ce dernier reste libre de transmettre ou non ses contacts.<\/p>\n\n\n\n<p class=\"has-small-font-size\">La prise de r\u00e9f\u00e9rence est faite par Cabinet Sign avec \u00e9thique et bienveillance pour nuancer, mettre en relief des points vus en entretien.&nbsp;Elle reste br\u00e8ve et ne remplace pas un entretien bien men\u00e9.<\/p>\n\n\n\n<p class=\"has-small-font-size\">Elle se concentre sur des \u00e9l\u00e9ments indispensables \u00e0 la bonne prise de poste chez le client concern\u00e9.<\/p>\n<\/div>\n<\/div>\n\n\n\n<p class=\"has-background-color has-text-color has-link-color has-source-serif-pro-font-family has-large-font-size wp-elements-eba5285e7b6ae26fddc7dfa85793b921\" style=\"font-style:normal;font-weight:300\">&#8212;<\/p>\n\n\n\n<div class=\"wp-block-columns is-layout-flex wp-container-core-columns-is-layout-28f84493 wp-block-columns-is-layout-flex\">\n<div class=\"wp-block-column is-layout-flow wp-block-column-is-layout-flow\">\n<p class=\"has-text-color has-link-color has-source-serif-pro-font-family has-large-font-size wp-elements-a2afcc3c0ee941c7ba6a525ecb16e43d\" style=\"color:#7d5b4a;font-style:normal;font-weight:300\">V &#8211; Perm\u00e9abilit\u00e9 \u00e0 la culture du client.<\/p>\n\n\n\n<p class=\"has-small-font-size\">Les valeurs, l&#8217;environnement, l&#8217;histoire et le positionnement du client sont pris en compte lors de la qualification.<\/p>\n\n\n\n<p class=\"has-small-font-size\">Nous recherchons des candidats capables de s&#8217;impr\u00e9gner de leur culture et de la faire vivre.<\/p>\n<\/div>\n\n\n\n<div class=\"wp-block-column is-layout-flow wp-block-column-is-layout-flow\">\n<figure class=\"wp-block-image size-large is-resized\"><img loading=\"lazy\" decoding=\"async\" width=\"898\" height=\"1024\" src=\"https:\/\/cabinet-sign.com\/wp-content\/uploads\/2025\/05\/IMG_0585-2-898x1024.jpg\" alt=\"\" class=\"wp-image-390\" style=\"width:276px;height:auto\" srcset=\"https:\/\/cabinet-sign.com\/wp-content\/uploads\/2025\/05\/IMG_0585-2-898x1024.jpg 898w, https:\/\/cabinet-sign.com\/wp-content\/uploads\/2025\/05\/IMG_0585-2-263x300.jpg 263w, https:\/\/cabinet-sign.com\/wp-content\/uploads\/2025\/05\/IMG_0585-2-768x876.jpg 768w, https:\/\/cabinet-sign.com\/wp-content\/uploads\/2025\/05\/IMG_0585-2.jpg 1122w\" sizes=\"auto, (max-width: 898px) 100vw, 898px\" \/><\/figure>\n<\/div>\n<\/div>\n\n\n\n<p class=\"has-background-color has-text-color has-link-color wp-elements-7f3bf4a30ab48ac324c6418f0c12fcc8\">&#8211;\/<\/p>\n\n\n\n<p class=\"has-background-color has-text-color has-link-color wp-elements-db59aa64cbb5d14be11f9782e761e451\">&#8212;<\/p>\n\n\n\n<div class=\"wp-block-columns is-layout-flex wp-container-core-columns-is-layout-28f84493 wp-block-columns-is-layout-flex\">\n<div class=\"wp-block-column is-layout-flow wp-block-column-is-layout-flow\" style=\"flex-basis:33.33%\">\n<figure class=\"wp-block-image size-large\"><img loading=\"lazy\" decoding=\"async\" width=\"891\" height=\"1024\" src=\"https:\/\/cabinet-sign.com\/wp-content\/uploads\/2025\/05\/IMG_8210-3-891x1024.jpg\" alt=\"\" class=\"wp-image-409\" srcset=\"https:\/\/cabinet-sign.com\/wp-content\/uploads\/2025\/05\/IMG_8210-3-891x1024.jpg 891w, https:\/\/cabinet-sign.com\/wp-content\/uploads\/2025\/05\/IMG_8210-3-261x300.jpg 261w, https:\/\/cabinet-sign.com\/wp-content\/uploads\/2025\/05\/IMG_8210-3-768x882.jpg 768w, https:\/\/cabinet-sign.com\/wp-content\/uploads\/2025\/05\/IMG_8210-3-1337x1536.jpg 1337w, https:\/\/cabinet-sign.com\/wp-content\/uploads\/2025\/05\/IMG_8210-3.jpg 1712w\" sizes=\"auto, (max-width: 891px) 100vw, 891px\" \/><\/figure>\n<\/div>\n\n\n\n<div class=\"wp-block-column is-layout-flow wp-block-column-is-layout-flow\" style=\"flex-basis:66.66%\">\n<p class=\"has-text-color has-link-color has-source-serif-pro-font-family has-large-font-size wp-elements-2d7c0825a02a5746231db39207a6a1bf\" style=\"color:#7d5b4a;font-style:normal;font-weight:300\">VI &#8211; Suivi client et candidat.<\/p>\n\n\n\n<p class=\"has-small-font-size\">Interm\u00e9diation possible lors du processus de recrutement,<\/p>\n\n\n\n<p class=\"has-small-font-size\">Suivi ponctuel apr\u00e8s la prise poste,<\/p>\n\n\n\n<p class=\"has-small-font-size\">Proposition active de candidatures spontan\u00e9es lorsqu&#8217;elles semblent naturellement align\u00e9es.<\/p>\n<\/div>\n<\/div>\n\n\n\n<p class=\"has-background-color has-text-color has-link-color has-source-serif-pro-font-family has-large-font-size wp-elements-46e1c245d57649d1c3678a59ff62ef2d\" style=\"font-style:normal;font-weight:300\">&#8212;<\/p>\n\n\n\n<p class=\"has-text-color has-link-color has-source-serif-pro-font-family has-large-font-size wp-elements-2fa7f79f92dcec7f92d85194025eb250\" style=\"color:#7d5b4a;font-style:normal;font-weight:300\">VII &#8211; Ethique de travail.<\/p>\n\n\n\n<p class=\"has-small-font-size\">Respect du temps et des d\u00e9cisions de chacun : pas de relances \u00e0 outrance.<\/p>\n\n\n\n<p class=\"has-small-font-size\">Lucidit\u00e9 et alignement : si un poste semble trop \u00e9loign\u00e9 des attentes d&#8217;un candidat, ou que la projection est trop court-termiste, nous pr\u00e9f\u00e9rons attendre l&#8217;opportunit\u00e9 r\u00e9ellement ad\u00e9quate.<\/p>\n\n\n\n<p class=\"has-text-align-center has-text-color has-link-color wp-elements-831b9360be46d240ec072c13400f3eb1\" style=\"color:#707070\">_______<\/p>\n","protected":false},"excerpt":{"rendered":"<p>Chez Cabinet Sign, nous pensons que l&#8217;exigence commence par celle que l&#8217;on s&#8217;applique \u00e0 soi-m\u00eame. Nous vous pr\u00e9sentons \u00e9tape par \u00e9tape la m\u00e9thodologie que nous appliquons aux recrutements que vous nous confiez sous la formule &#8220;au succ\u00e8s&#8221;. _____ I &#8211; Recherche cibl\u00e9e, active et souterraine. La qualit\u00e9 du recrutement repose d&#8217;abord sur la pertinence des [&hellip;]<\/p>\n","protected":false},"author":1,"featured_media":0,"parent":0,"menu_order":0,"comment_status":"closed","ping_status":"closed","template":"","meta":{"footnotes":""},"class_list":["post-342","page","type-page","status-publish","hentry"],"_links":{"self":[{"href":"https:\/\/cabinet-sign.com\/index.php\/wp-json\/wp\/v2\/pages\/342","targetHints":{"allow":["GET"]}}],"collection":[{"href":"https:\/\/cabinet-sign.com\/index.php\/wp-json\/wp\/v2\/pages"}],"about":[{"href":"https:\/\/cabinet-sign.com\/index.php\/wp-json\/wp\/v2\/types\/page"}],"author":[{"embeddable":true,"href":"https:\/\/cabinet-sign.com\/index.php\/wp-json\/wp\/v2\/users\/1"}],"replies":[{"embeddable":true,"href":"https:\/\/cabinet-sign.com\/index.php\/wp-json\/wp\/v2\/comments?post=342"}],"version-history":[{"count":53,"href":"https:\/\/cabinet-sign.com\/index.php\/wp-json\/wp\/v2\/pages\/342\/revisions"}],"predecessor-version":[{"id":473,"href":"https:\/\/cabinet-sign.com\/index.php\/wp-json\/wp\/v2\/pages\/342\/revisions\/473"}],"wp:attachment":[{"href":"https:\/\/cabinet-sign.com\/index.php\/wp-json\/wp\/v2\/media?parent=342"}],"curies":[{"name":"wp","href":"https:\/\/api.w.org\/{rel}","templated":true}]}}