{"id":315,"date":"2025-04-28T09:51:24","date_gmt":"2025-04-28T07:51:24","guid":{"rendered":"https:\/\/cabinet-sign.com\/?page_id=315"},"modified":"2025-07-03T17:47:17","modified_gmt":"2025-07-03T15:47:17","slug":"ce-que-lon-dit-de-nous","status":"publish","type":"page","link":"https:\/\/cabinet-sign.com\/index.php\/ce-que-lon-dit-de-nous\/","title":{"rendered":"Ce que l&#8217;on dit de nous."},"content":{"rendered":"\n<p class=\"has-small-font-size\">&#8220;J&#8217;ai eu r\u00e9cemment l&#8217;occasion d&#8217;\u00e9changer avec le Cabinet Sign, je tiens \u00e0 souligner la qualit\u00e9 de cet entretien. L&#8217;\u00e9coute, la bienveillance et le professionnalisme dont j&#8217;ai b\u00e9n\u00e9fici\u00e9 tout au long de cet \u00e9change ont \u00e9t\u00e9 appr\u00e9ciables. Cela fait toute la diff\u00e9rence dans un parcours de recherche d&#8217;opportunit\u00e9s. Merci encore pour cet accompagnement humain&#8221; &#8211; S\u00e9verine.<\/p>\n\n\n\n<p class=\"has-small-font-size\">&#8220;J&#8217;ai appr\u00e9ci\u00e9 mon \u00e9change avec vous. Le dialogue \u00e9tait fluide, honn\u00eate et bienveillant.&nbsp;<br>Le retour r\u00e9actif et transparent m&#8217;a apport\u00e9 un r\u00e9el r\u00e9confort. J&#8217;ai v\u00e9cu une exp\u00e9rience humaine positive.&#8221; &#8211; Fr\u00e9d\u00e9rique.<\/p>\n\n\n\n<p class=\"has-text-align-left has-small-font-size\">&#8220;Je tiens \u00e0 remercier le Cabinet Sign pour la qualit\u00e9 de son accompagnement tout au long du processus de recrutement. J\u2019ai particuli\u00e8rement appr\u00e9ci\u00e9 l\u2019\u00e9coute, la bienveillance et le respect dont j\u2019ai b\u00e9n\u00e9fici\u00e9 \u00e0 chaque \u00e9tape. Cette approche m\u2019a permis de vivre une exp\u00e9rience candidate sereine et valorisante.&#8221; &#8211; Laure.<\/p>\n\n\n\n<p class=\"has-small-font-size\">&#8220;Excellent cabinet \u00e0 l&#8217;\u00e9coute et r\u00e9actif. Il y a un r\u00e9el accompagnement je recommande !&#8221; &#8211; Tess.<\/p>\n\n\n\n<p><\/p>\n\n\n\n<p><\/p>\n\n\n\n<figure class=\"wp-block-image size-large\"><img loading=\"lazy\" decoding=\"async\" width=\"1024\" height=\"416\" src=\"https:\/\/cabinet-sign.com\/wp-content\/uploads\/2025\/04\/IMG_5472-1-1024x416.jpg\" alt=\"\" class=\"wp-image-325\" srcset=\"https:\/\/cabinet-sign.com\/wp-content\/uploads\/2025\/04\/IMG_5472-1-1024x416.jpg 1024w, https:\/\/cabinet-sign.com\/wp-content\/uploads\/2025\/04\/IMG_5472-1-300x122.jpg 300w, https:\/\/cabinet-sign.com\/wp-content\/uploads\/2025\/04\/IMG_5472-1-768x312.jpg 768w, https:\/\/cabinet-sign.com\/wp-content\/uploads\/2025\/04\/IMG_5472-1.jpg 1485w\" sizes=\"auto, (max-width: 1024px) 100vw, 1024px\" \/><\/figure>\n","protected":false},"excerpt":{"rendered":"<p>&#8220;J&#8217;ai eu r\u00e9cemment l&#8217;occasion d&#8217;\u00e9changer avec le Cabinet Sign, je tiens \u00e0 souligner la qualit\u00e9 de cet entretien. L&#8217;\u00e9coute, la bienveillance et le professionnalisme dont j&#8217;ai b\u00e9n\u00e9fici\u00e9 tout au long de cet \u00e9change ont \u00e9t\u00e9 appr\u00e9ciables. Cela fait toute la diff\u00e9rence dans un parcours de recherche d&#8217;opportunit\u00e9s. Merci encore pour cet accompagnement humain&#8221; &#8211; S\u00e9verine. [&hellip;]<\/p>\n","protected":false},"author":1,"featured_media":0,"parent":0,"menu_order":0,"comment_status":"closed","ping_status":"closed","template":"","meta":{"footnotes":""},"class_list":["post-315","page","type-page","status-publish","hentry"],"_links":{"self":[{"href":"https:\/\/cabinet-sign.com\/index.php\/wp-json\/wp\/v2\/pages\/315","targetHints":{"allow":["GET"]}}],"collection":[{"href":"https:\/\/cabinet-sign.com\/index.php\/wp-json\/wp\/v2\/pages"}],"about":[{"href":"https:\/\/cabinet-sign.com\/index.php\/wp-json\/wp\/v2\/types\/page"}],"author":[{"embeddable":true,"href":"https:\/\/cabinet-sign.com\/index.php\/wp-json\/wp\/v2\/users\/1"}],"replies":[{"embeddable":true,"href":"https:\/\/cabinet-sign.com\/index.php\/wp-json\/wp\/v2\/comments?post=315"}],"version-history":[{"count":8,"href":"https:\/\/cabinet-sign.com\/index.php\/wp-json\/wp\/v2\/pages\/315\/revisions"}],"predecessor-version":[{"id":460,"href":"https:\/\/cabinet-sign.com\/index.php\/wp-json\/wp\/v2\/pages\/315\/revisions\/460"}],"wp:attachment":[{"href":"https:\/\/cabinet-sign.com\/index.php\/wp-json\/wp\/v2\/media?parent=315"}],"curies":[{"name":"wp","href":"https:\/\/api.w.org\/{rel}","templated":true}]}}